{"id":8249,"date":"2023-04-28T12:06:37","date_gmt":"2023-04-28T11:06:37","guid":{"rendered":"https:\/\/spanishinvalladolid.com\/en\/?page_id=8249"},"modified":"2023-04-28T12:17:40","modified_gmt":"2023-04-28T11:17:40","slug":"8249-2","status":"publish","type":"page","link":"https:\/\/spanishinvalladolid.com\/en\/8249-2\/","title":{"rendered":""},"content":{"rendered":"<div id=\"elementor-tab-content-1231\" class=\"elementor-tab-content elementor-clearfix elementor-active\" tabindex=\"0\" data-tab=\"1\">\n<p>El Centro de Idiomas de la Universidad de Valladolid tramita las becas que la Junta de Castilla y Le\u00f3n pone a disposici\u00f3n de los profesores de ELE que trabajan en instituciones o centros de formaci\u00f3n en el extranjero.\u00a0 Las becas cubren el alojamiento de los profesores que asisten a los distintos cursos que ofrece el Centro de Idiomas para profesores de espa\u00f1ol a lo largo del a\u00f1o.<\/p>\n<p>Para solicitar las becas, es necesario:<\/p>\n<ol>\n<li>Formalizar la inscripci\u00f3n Online en el curso para profesores.<\/li>\n<li>Enviar por correo electr\u00f3nico la siguiente documentaci\u00f3n:<\/li>\n<\/ol>\n<ul>\n<li>Documento de identidad o pasaporte<\/li>\n<li>Carta o certificado del centro\/instituci\u00f3n en el que trabaja constatando su condici\u00f3n de profesor en activo.<\/li>\n<\/ul>\n<p style=\"padding-left: 30px;\">Direcci\u00f3n de env\u00edo: <strong>espanol@centrodeidiomas.uva.es<\/strong><\/p>\n<p>A tener en cuenta:<\/p>\n<ul>\n<li>Las becas cubren el alojamiento del participante en una en residencia universitaria.<\/li>\n<li>La estancia m\u00e1xima es de una semana para profesores de pa\u00edses europeos y de dos semanas para profesores procedentes de otros continentes.<\/li>\n<li>El Centro de Idiomas de la Universidad de Valladolid se encargar\u00e1 de la tramitaci\u00f3n de las becas siempre que se cumplan los requisitos establecidos.<\/li>\n<li>Es importante no haber obtenido una beca similar de la Junta de Castilla y Le\u00f3n en los tres \u00faltimos a\u00f1os.<\/li>\n<li>El n\u00famero de becas es limitado.<\/li>\n<\/ul>\n<\/div>\n","protected":false},"excerpt":{"rendered":"<p>El Centro de Idiomas de la Universidad de Valladolid tramita las becas que la Junta de Castilla y Le\u00f3n pone a disposici\u00f3n de los profesores de ELE que trabajan en instituciones o centros de formaci\u00f3n en el extranjero.\u00a0 Las becas cubren el alojamiento de los profesores que asisten a los distintos cursos que ofrece el [&hellip;]<\/p>\n","protected":false},"author":2,"featured_media":0,"parent":0,"menu_order":0,"comment_status":"closed","ping_status":"closed","template":"","meta":[],"_links":{"self":[{"href":"https:\/\/spanishinvalladolid.com\/en\/wp-json\/wp\/v2\/pages\/8249"}],"collection":[{"href":"https:\/\/spanishinvalladolid.com\/en\/wp-json\/wp\/v2\/pages"}],"about":[{"href":"https:\/\/spanishinvalladolid.com\/en\/wp-json\/wp\/v2\/types\/page"}],"author":[{"embeddable":true,"href":"https:\/\/spanishinvalladolid.com\/en\/wp-json\/wp\/v2\/users\/2"}],"replies":[{"embeddable":true,"href":"https:\/\/spanishinvalladolid.com\/en\/wp-json\/wp\/v2\/comments?post=8249"}],"version-history":[{"count":2,"href":"https:\/\/spanishinvalladolid.com\/en\/wp-json\/wp\/v2\/pages\/8249\/revisions"}],"predecessor-version":[{"id":8253,"href":"https:\/\/spanishinvalladolid.com\/en\/wp-json\/wp\/v2\/pages\/8249\/revisions\/8253"}],"wp:attachment":[{"href":"https:\/\/spanishinvalladolid.com\/en\/wp-json\/wp\/v2\/media?parent=8249"}],"curies":[{"name":"wp","href":"https:\/\/api.w.org\/{rel}","templated":true}]}}