{"id":6270,"date":"2016-11-17T12:32:43","date_gmt":"2016-11-17T11:32:43","guid":{"rendered":"https:\/\/spanishinvalladolid.com\/en\/?page_id=6270"},"modified":"2026-03-18T10:47:52","modified_gmt":"2026-03-18T09:47:52","slug":"emergency-evacuation-plan","status":"publish","type":"page","link":"https:\/\/spanishinvalladolid.com\/en\/emergency-evacuation-plan\/","title":{"rendered":"Emergency evacuation plan"},"content":{"rendered":"<p>El <strong>Centro de Idiomas de la Universidad de Valladolid<\/strong> cuenta con un <strong>plan de actuaci\u00f3n ante emergencias<\/strong> con objeto de cumplir con el art\u00edculo 20 &#8220;Medidas de Emergencia&#8221; de la Ley 31\/95 de Prevenci\u00f3n de Riesgos Laborales.<\/p>\n<p>Entre otros, se pretende <strong>programar las pautas de actuaci\u00f3n frente a posibles emergencias<\/strong>, determinar las personas organizadas, formadas y adiestradas que garanticen rapidez y eficacia en las acciones a emprender, ofrecer informaci\u00f3n a todos los usuarios de las instalaciones de c\u00f3mo deben actuar ante una emergencia y organizar las relaciones que sean necesarias para la coordinaci\u00f3n de los servicios externos.<\/p>\n<p>Todas estas pautas se pueden <strong>leer y consultar de manera detallada<\/strong> en el siguiente documento (.pdf):<\/p>\n<p><strong><a href=\"https:\/\/spanishinvalladolid.com\/wp-content\/uploads\/2026\/03\/Plan-de-Emergencias-Cursos-de-Espanol-Universidad-de-Valladolid-comprimido.pdf\">PLAN DE ACTUACI\u00d3N ANTE EMERGENCIAS &#8211; Centro de Idiomas de la Universidad de Valladolid<\/a><\/strong><\/p>\n","protected":false},"excerpt":{"rendered":"<p>El Centro de Idiomas de la Universidad de Valladolid cuenta con un plan de actuaci\u00f3n ante emergencias con objeto de cumplir con el art\u00edculo 20 &#8220;Medidas de Emergencia&#8221; de la Ley 31\/95 de Prevenci\u00f3n de Riesgos Laborales. Entre otros, se pretende programar las pautas de actuaci\u00f3n frente a posibles emergencias, determinar las personas organizadas, formadas [&hellip;]<\/p>\n","protected":false},"author":2,"featured_media":0,"parent":0,"menu_order":0,"comment_status":"closed","ping_status":"closed","template":"","meta":[],"_links":{"self":[{"href":"https:\/\/spanishinvalladolid.com\/en\/wp-json\/wp\/v2\/pages\/6270"}],"collection":[{"href":"https:\/\/spanishinvalladolid.com\/en\/wp-json\/wp\/v2\/pages"}],"about":[{"href":"https:\/\/spanishinvalladolid.com\/en\/wp-json\/wp\/v2\/types\/page"}],"author":[{"embeddable":true,"href":"https:\/\/spanishinvalladolid.com\/en\/wp-json\/wp\/v2\/users\/2"}],"replies":[{"embeddable":true,"href":"https:\/\/spanishinvalladolid.com\/en\/wp-json\/wp\/v2\/comments?post=6270"}],"version-history":[{"count":2,"href":"https:\/\/spanishinvalladolid.com\/en\/wp-json\/wp\/v2\/pages\/6270\/revisions"}],"predecessor-version":[{"id":8964,"href":"https:\/\/spanishinvalladolid.com\/en\/wp-json\/wp\/v2\/pages\/6270\/revisions\/8964"}],"wp:attachment":[{"href":"https:\/\/spanishinvalladolid.com\/en\/wp-json\/wp\/v2\/media?parent=6270"}],"curies":[{"name":"wp","href":"https:\/\/api.w.org\/{rel}","templated":true}]}}