{"id":5295,"date":"2016-04-12T17:38:34","date_gmt":"2016-04-12T16:38:34","guid":{"rendered":"https:\/\/spanishinvalladolid.com\/en\/activities\/excursions\/canon-del-rio-lobos\/"},"modified":"2016-05-26T18:55:52","modified_gmt":"2016-05-26T17:55:52","slug":"canon-del-rio-lobos","status":"publish","type":"page","link":"https:\/\/spanishinvalladolid.com\/en\/activities\/excursions\/canon-del-rio-lobos\/","title":{"rendered":"Ca\u00f1\u00f3n del Rio Lobos"},"content":{"rendered":"<div class=\"wpb-content-wrapper\"><p>[vc_row top=&#8221;0&#8243; bottom=&#8221;0&#8243;][vc_column width=&#8221;2\/3&#8243;][vc_row_inner css=&#8221;.vc_custom_1460477945071{padding-top: 20px !important;}&#8221;][vc_column_inner][vc_column_text]<\/p>\n<div class=\"entry-content\">\n<p style=\"text-align: justify;\"><strong>RIVER LOBOS CANYON, A WALK THROUGH NATURE<\/strong><\/p>\n<p style=\"text-align: justify;\">The River Lobos Canyon is a protected natural park located in the east of the region of Castilla y Le\u00f3n, covering an area of 9,580 hectares spanning part of the provinces of Burgos and Soria. The area\u2019s main attraction is a deep and narrow valley formed by the river Lobos (wolves), which runs for some 25 km.<\/p>\n<p style=\"text-align: justify;\">This natural park contains many hiking trails, which are accessible to most walkers and which give you the chance to enjoy the landscape and the many odd rock shapes and formations such as the caves and chasms found in the canyon. One of these trails is the one we will be following on our trip.<\/p>\n<p style=\"text-align: justify;\"><strong>\u00a0PROGRAMME OF THE TRIP<\/strong><\/p>\n<p style=\"text-align: justify;\">In the morning, once the group has reached the carpark located at Ucero, the students and teachers will be taking one of the main hiking trails that follow the course of the river Lobos. During the walk, the teachers will be explaining the most salient features related to the nature and the human occupation of the area. This walk of about 3 km will take you to a place known as Colmenar de los Frailes (the Monks\u2019 Beehive) from where the group will head back to the hermitage of Saint Bartholomew. Students will have free time to explore the area and visit the caves or climb up to the moorland. Later, in the afternoon, the group will be returning to the coaches to head up to the Galiana viewpoint to finish off the trip by enjoying some beautiful panoramic views.<\/p>\n<p style=\"text-align: justify;\"><strong>THE ROUTE<\/strong><\/p>\n<p style=\"text-align: justify;\">During the trip on foot students will be able to see:<\/p>\n<p style=\"text-align: justify;\"><strong>The Surrounding Flora: <\/strong>at the bottom of the valley stands the typical riverside forest which is home to black poplars, willows, and oak trees. The higher areas, on the limestone moorlands, abound in clusters of savin juniper shrubs (<em>Juniperus thurifera<\/em>) together with one of the largest expanses of European black pine forests (<em>Pinus nigra<\/em>) in the western Iberian Peninsula.<\/p>\n<p style=\"text-align: justify;\"><strong>Wildlife: <\/strong>there are many varieties of birds, mammals, amphibians, reptiles, fish \u2026, prominent amongst which are the birds of prey, particularly the griffon vultures constantly circling over the canyon.<\/p>\n<p style=\"text-align: justify;\"><strong>Hermitage of Saint Bartholomew: <\/strong>this small 13<sup>th<\/sup> century Romanesque church was built by the Templars and formed part of a monastery which today no longer stands. Shrouded in mystery and symbolism, at the hermitage we can see the strange decoration of its fa\u00e7ade and inner capitals.<\/p>\n<p style=\"text-align: justify;\"><strong>The Galiana viewpoint: <\/strong>of the various viewpoints dotted along the canyon, this is the most well-known and frequently visited. It is located in the town of Ucero in the province of Soria and affords breathtaking panoramic views of the canyon and Castilian plateau.<\/p>\n<p style=\"text-align: justify;\"><a href=\"http:\/\/www.sorianitelaimaginas.com\/patrimonio\/parque-natural-del-canon-del-rio-lobos\" target=\"_blank\">Turismo de Soria &#8211; El ca\u00f1\u00f3n del R\u00edo Lobos<\/a><\/p>\n<\/div>\n<p>[\/vc_column_text][\/vc_column_inner][\/vc_row_inner][\/vc_column][vc_column width=&#8221;1\/3&#8243;][vc_single_image image=&#8221;794&#8243; img_size=&#8221;full&#8221; alignment=&#8221;center&#8221; style=&#8221;vc_box_rounded&#8221; css_animation=&#8221;appear&#8221;][vc_wp_custommenu nav_menu=&#8221;32&#8243; el_class=&#8221;modulo-informativo&#8221;][\/vc_column][\/vc_row]<\/p>\n<\/div>","protected":false},"excerpt":{"rendered":"<p>[vc_row top=&#8221;0&#8243; bottom=&#8221;0&#8243;][vc_column width=&#8221;2\/3&#8243;][vc_row_inner css=&#8221;.vc_custom_1460477945071{padding-top: 20px !important;}&#8221;][vc_column_inner][vc_column_text] RIVER LOBOS CANYON, A WALK THROUGH NATURE The River Lobos Canyon is a protected natural park located in the east of the region of Castilla y Le\u00f3n, covering an area of 9,580 hectares spanning part of the provinces of Burgos and Soria. The area\u2019s main attraction is a [&hellip;]<\/p>\n","protected":false},"author":1,"featured_media":0,"parent":5283,"menu_order":0,"comment_status":"closed","ping_status":"closed","template":"","meta":[],"_links":{"self":[{"href":"https:\/\/spanishinvalladolid.com\/en\/wp-json\/wp\/v2\/pages\/5295"}],"collection":[{"href":"https:\/\/spanishinvalladolid.com\/en\/wp-json\/wp\/v2\/pages"}],"about":[{"href":"https:\/\/spanishinvalladolid.com\/en\/wp-json\/wp\/v2\/types\/page"}],"author":[{"embeddable":true,"href":"https:\/\/spanishinvalladolid.com\/en\/wp-json\/wp\/v2\/users\/1"}],"replies":[{"embeddable":true,"href":"https:\/\/spanishinvalladolid.com\/en\/wp-json\/wp\/v2\/comments?post=5295"}],"version-history":[{"count":3,"href":"https:\/\/spanishinvalladolid.com\/en\/wp-json\/wp\/v2\/pages\/5295\/revisions"}],"predecessor-version":[{"id":5362,"href":"https:\/\/spanishinvalladolid.com\/en\/wp-json\/wp\/v2\/pages\/5295\/revisions\/5362"}],"up":[{"embeddable":true,"href":"https:\/\/spanishinvalladolid.com\/en\/wp-json\/wp\/v2\/pages\/5283"}],"wp:attachment":[{"href":"https:\/\/spanishinvalladolid.com\/en\/wp-json\/wp\/v2\/media?parent=5295"}],"curies":[{"name":"wp","href":"https:\/\/api.w.org\/{rel}","templated":true}]}}