{"id":5287,"date":"2016-04-12T17:35:53","date_gmt":"2016-04-12T16:35:53","guid":{"rendered":"https:\/\/spanishinvalladolid.com\/en\/activities\/excursions\/avila-y-tordesillas\/"},"modified":"2016-05-26T18:54:54","modified_gmt":"2016-05-26T17:54:54","slug":"avila-y-tordesillas","status":"publish","type":"page","link":"https:\/\/spanishinvalladolid.com\/en\/activities\/excursions\/avila-y-tordesillas\/","title":{"rendered":"\u00c1vila y Tordesillas"},"content":{"rendered":"<div class=\"wpb-content-wrapper\"><p>[vc_row top=&#8221;0&#8243; bottom=&#8221;0&#8243;][vc_column width=&#8221;2\/3&#8243;][vc_row_inner][vc_column_inner width=&#8221;1\/2&#8243;][vc_single_image image=&#8221;790&#8243; img_size=&#8221;full&#8221; alignment=&#8221;center&#8221; style=&#8221;vc_box_rounded&#8221; css_animation=&#8221;appear&#8221;][\/vc_column_inner][vc_column_inner width=&#8221;1\/2&#8243;][vc_single_image image=&#8221;789&#8243; img_size=&#8221;full&#8221; alignment=&#8221;center&#8221; style=&#8221;vc_box_rounded&#8221; css_animation=&#8221;appear&#8221;][\/vc_column_inner][\/vc_row_inner][vc_row_inner css=&#8221;.vc_custom_1460477945071{padding-top: 20px !important;}&#8221;][vc_column_inner][vc_column_text]<\/p>\n<p style=\"text-align: justify;\"><strong>\u00c1VILA AND TORDESILLAS, A TRIP FROM THE MIDDLE AGES TO THE DISCOVERY OF AMERICA<\/strong><\/p>\n<p style=\"text-align: justify;\"><strong>\u00c1vila<\/strong><\/p>\n<p style=\"text-align: justify;\">The city of \u00c1vila is located some 120 km from Valladolid, in the southern part of the region of Castilla y Le\u00f3n. Built on the flat summit of a huge rocky outcrop, \u00c1vila is the capital city of the highest province in Spain. The city\u2019s history has left us a rich heritage comprising the cathedral, the wall, palaces, churches \u2026, and which led to \u00c1vila being declared a World Heritage site in 1985.<\/p>\n<p style=\"text-align: justify;\">The presence of the three Hispanic cultures has led to the development of abundant literature linked to the three religions, Christian, Jewish, and Muslim. Yet, above all, \u00c1vila is known for having been home to the nun and writer Teresa of \u00c1vila (Santa Teresa de Jesus), one of the leading figures of 16<sup>th<\/sup> century mysticism.\u00a0<strong>\u00a0<\/strong><\/p>\n<p style=\"text-align: justify;\"><strong>Tordesillas<\/strong><\/p>\n<p style=\"text-align: justify;\">Tordesillas is a town on the banks of the River Duero, in the province of Valladolid, not far from the provincial capital. As a key transit hub, it is an important town located at a strategic point in the communications that link Portugal to the rest of Europe. However, it played an even more important role in the history of Castile and Spain, and indeed the world as we know it today.<\/p>\n<p>[\/vc_column_text][\/vc_column_inner][\/vc_row_inner][vc_row_inner css=&#8221;.vc_custom_1463419400092{padding-top: 20px !important;}&#8221;][vc_column_inner width=&#8221;1\/2&#8243;][vc_single_image image=&#8221;788&#8243; img_size=&#8221;full&#8221; alignment=&#8221;center&#8221; style=&#8221;vc_box_rounded&#8221; css_animation=&#8221;appear&#8221;][\/vc_column_inner][vc_column_inner width=&#8221;1\/2&#8243;][vc_single_image image=&#8221;787&#8243; img_size=&#8221;full&#8221; alignment=&#8221;center&#8221; style=&#8221;vc_box_rounded&#8221; css_animation=&#8221;appear&#8221;][\/vc_column_inner][\/vc_row_inner][vc_row_inner css=&#8221;.vc_custom_1460477945071{padding-top: 20px !important;}&#8221;][vc_column_inner][vc_column_text]<\/p>\n<p style=\"text-align: justify;\"><strong>DESCRIPTION OF THE TRIP<\/strong><\/p>\n<p style=\"text-align: justify;\">We will be visiting \u00c1vila in the morning. Students will be touring part of the historical area of the city with the teachers, and then the whole group will take a walk around the wall. Students will then have free time to have a look around the rest of the city.<\/p>\n<p style=\"text-align: justify;\"><strong>TOUR OF \u00c1VILA \u00a0\u00a0<\/strong><\/p>\n<p style=\"text-align: justify;\">In the afternoon the group will meet up to head off towards Tordesillas, making a brief stop on the outskirts of \u00c1vila at a place known as the \u201cCuatro Postes \u2013 Four Posts\u201d, which offers a perfect view of the wall. In Tordesillas, we will be visiting the \u201cCasas del Tratado &#8211; Treaty Houses\u201d where, with the help of the teachers\u2019 explanations, we will learn how important that historical event really was. We will then be taking a walk around the town.<\/p>\n<p style=\"text-align: justify;\"><strong>\u00a0TOUR OF THE CITY OF \u00c1VILA<\/strong><\/p>\n<p style=\"text-align: justify;\">On our tour around the city, <strong>we will be visiting the following important areas<\/strong>:<\/p>\n<p style=\"text-align: justify;\"><strong>THE WALL:<\/strong> \u00c1vila\u2019s most distinctive feature is its wall, which is one of the best preserved medieval walls in the whole of Europe. Its early construction coincided with the Christian foundation of the city. The architectural features such as the height of the wall, its thickness, the turrets, or the nine entrance gates, reflect the role it played in military terms in the Middle Ages.<\/p>\n<p style=\"text-align: justify;\"><strong>CATHEDRAL:<\/strong> built between the 12<sup>th<\/sup> and 15<sup>th<\/sup> centuries, it is one of the earliest Gothic buildings in Castile. Physically, symbolically and in terms of its function, it is closely linked to the wall. The chancel or temple apse forms part of the wall, jutting out from it, and was therefore a further element in the city\u2019s defense.<\/p>\n<p style=\"text-align: justify;\"><strong>PALACES:<\/strong> in the Late Middle Ages, the nobility had huge family palaces built to reflect their social status. Most display the coat of arms on their fa\u00e7ade and are to be found in the upper part of the city.<\/p>\n<p style=\"text-align: justify;\"><strong>BASILICA OF SAN VICENTE:<\/strong> \u00c1vila boasts rich religious architecture spanning many periods in history, although particularly noteworthy is its Romanesque. The <strong>Basilica of San Vicente<\/strong>, situated outside the wall and built between the 12<sup>th<\/sup> and 14<sup>th<\/sup> century, is a prime example.<\/p>\n<p style=\"text-align: justify;\"><strong>TOUR OF TORDESILLAS<\/strong><\/p>\n<p style=\"text-align: justify;\"><strong>TREATY HOUSES<\/strong>: two palaces that are linked, the more modern one dating from the 17<sup>th<\/sup> century, and the older one from the 15<sup>th<\/sup>, and which witnessed one of the seminal events in world history: the signing of the <strong>Treaty of Tordesillas <\/strong>in 1494, an agreement through which the kings of Castile and Portugal decided who was to own each of the newly discovered lands on the other side of the Atlantic.<\/p>\n<p style=\"text-align: justify;\"><strong>STATUE OF QUEEN JUANA:<\/strong> in the modern\u2013day gardens opposite the Treaty Houses, it is a reminder of the palace where Queen Juana I, known as \u201cJoanna the Mad\u201d, lived from 1509 to 1555. Every year in March, the town commemorates and acts out the arrival of Queen Juana accompanying the coffin of her husband, Philip the Handsome.<\/p>\n<p style=\"text-align: justify;\"><strong>MAIN SQUARE: <\/strong>A typical 17<sup>th<\/sup> century Castilian square, entry to which is gained from one of four streets. It is a place where medieval markets and games are held, and is today a meeting place with bars and caf\u00e9s running the length of its colonnade and porticoes.<\/p>\n<p style=\"text-align: justify;\"><a href=\"http:\/\/www.avilaturismo.com\/en\/\" target=\"_blank\">Tourism Office in \u00c1vila<\/a><\/p>\n<p style=\"text-align: justify;\"><a href=\"http:\/\/www.tordesillas.net\/webs\/inicio.php?lang=eng\" target=\"_blank\">Tourism Office in Tordesillas<\/a><\/p>\n<p>[\/vc_column_text][\/vc_column_inner][\/vc_row_inner][\/vc_column][vc_column width=&#8221;1\/3&#8243;][vc_wp_custommenu nav_menu=&#8221;32&#8243; el_class=&#8221;modulo-informativo&#8221;][\/vc_column][\/vc_row]<\/p>\n<\/div>","protected":false},"excerpt":{"rendered":"<p>[vc_row top=&#8221;0&#8243; bottom=&#8221;0&#8243;][vc_column width=&#8221;2\/3&#8243;][vc_row_inner][vc_column_inner width=&#8221;1\/2&#8243;][vc_single_image image=&#8221;790&#8243; img_size=&#8221;full&#8221; alignment=&#8221;center&#8221; style=&#8221;vc_box_rounded&#8221; css_animation=&#8221;appear&#8221;][\/vc_column_inner][vc_column_inner width=&#8221;1\/2&#8243;][vc_single_image image=&#8221;789&#8243; img_size=&#8221;full&#8221; alignment=&#8221;center&#8221; style=&#8221;vc_box_rounded&#8221; css_animation=&#8221;appear&#8221;][\/vc_column_inner][\/vc_row_inner][vc_row_inner css=&#8221;.vc_custom_1460477945071{padding-top: 20px !important;}&#8221;][vc_column_inner][vc_column_text] \u00c1VILA AND TORDESILLAS, A TRIP FROM THE MIDDLE AGES TO THE DISCOVERY OF AMERICA \u00c1vila The city of \u00c1vila is located some 120 km from Valladolid, in the southern part of the region of Castilla y [&hellip;]<\/p>\n","protected":false},"author":1,"featured_media":0,"parent":5283,"menu_order":0,"comment_status":"closed","ping_status":"closed","template":"","meta":[],"_links":{"self":[{"href":"https:\/\/spanishinvalladolid.com\/en\/wp-json\/wp\/v2\/pages\/5287"}],"collection":[{"href":"https:\/\/spanishinvalladolid.com\/en\/wp-json\/wp\/v2\/pages"}],"about":[{"href":"https:\/\/spanishinvalladolid.com\/en\/wp-json\/wp\/v2\/types\/page"}],"author":[{"embeddable":true,"href":"https:\/\/spanishinvalladolid.com\/en\/wp-json\/wp\/v2\/users\/1"}],"replies":[{"embeddable":true,"href":"https:\/\/spanishinvalladolid.com\/en\/wp-json\/wp\/v2\/comments?post=5287"}],"version-history":[{"count":3,"href":"https:\/\/spanishinvalladolid.com\/en\/wp-json\/wp\/v2\/pages\/5287\/revisions"}],"predecessor-version":[{"id":5360,"href":"https:\/\/spanishinvalladolid.com\/en\/wp-json\/wp\/v2\/pages\/5287\/revisions\/5360"}],"up":[{"embeddable":true,"href":"https:\/\/spanishinvalladolid.com\/en\/wp-json\/wp\/v2\/pages\/5283"}],"wp:attachment":[{"href":"https:\/\/spanishinvalladolid.com\/en\/wp-json\/wp\/v2\/media?parent=5287"}],"curies":[{"name":"wp","href":"https:\/\/api.w.org\/{rel}","templated":true}]}}