{"id":5283,"date":"2016-04-12T17:11:26","date_gmt":"2016-04-12T16:11:26","guid":{"rendered":"https:\/\/spanishinvalladolid.com\/en\/activities\/excursiones\/"},"modified":"2022-09-28T10:10:43","modified_gmt":"2022-09-28T09:10:43","slug":"excursions","status":"publish","type":"page","link":"https:\/\/spanishinvalladolid.com\/en\/activities\/excursions\/","title":{"rendered":"Excursions"},"content":{"rendered":"<div class=\"wpb-content-wrapper\"><p>[vc_row top=&#8221;0&#8243; bottom=&#8221;0&#8243;][vc_column width=&#8221;2\/3&#8243;][vc_column_text]<\/p>\n<div class=\"entry-content\">\n<p style=\"text-align: justify;\">The Centre organizes a number of <strong>guided tours<\/strong> to various places of <strong>great interest due to their artistic and cultural heritage<\/strong>.<\/p>\n<p style=\"text-align: justify;\"><strong>Teachers specialized in art and history<\/strong> will explain the main aspects of each place together with what makes it so attractive.\u00a0They carefully plan the route so that students can be given information concerning all of the<strong> socio-cultural, historical, and artistic aspects related to the trip.<\/strong><\/p>\n<p style=\"text-align: justify;\">These are some of the most commonly visited places:<\/p>\n<\/div>\n<p>[\/vc_column_text][vc_row_inner][vc_column_inner width=&#8221;1\/2&#8243;][vc_column_text]<\/p>\n<div class=\"entry-content\">\n<ul>\n<li style=\"text-align: justify;\"><span style=\"font-size: 12pt;\"><a href=\"\/en\/activities\/excursions\/segovia\/\">Segovia<\/a><\/span><\/li>\n<li style=\"text-align: justify;\"><span style=\"font-size: 12pt;\"><a href=\"\/en\/activities\/excursions\/burgos\/\">Burgos<\/a><\/span><\/li>\n<li style=\"text-align: justify;\"><span style=\"font-size: 12pt;\"><a href=\"\/en\/activities\/excursions\/madrid\/\">Madrid<\/a><\/span><\/li>\n<li style=\"text-align: justify;\"><span style=\"font-size: 12pt;\"><a href=\"\/en\/activities\/excursions\/salamanca\/\">Salamanca<\/a><\/span><\/li>\n<li style=\"text-align: justify;\"><span style=\"font-size: 12pt;\"><a href=\"\/en\/activities\/excursions\/santander\/\">Santander<\/a><\/span><\/li>\n<li style=\"text-align: justify;\"><span style=\"font-size: 12pt;\"><a href=\"\/en\/activities\/excursions\/avila-y-tordesillas\/\">\u00c1vila y Tordesillas<\/a><\/span><\/li>\n<li style=\"text-align: justify;\"><span style=\"font-size: 12pt;\"><a href=\"en\/activities\/excursions\/canon-del-rio-lobos\/\">El Ca\u00f1\u00f3n del R\u00edo Lobos (Soria)<\/a><\/span><\/li>\n<\/ul>\n<\/div>\n<p>[\/vc_column_text][\/vc_column_inner][vc_column_inner width=&#8221;1\/2&#8243;][vc_single_image image=&#8221;4605&#8243; img_size=&#8221;full&#8221; onclick=&#8221;link_image&#8221; css=&#8221;.vc_custom_1467977368066{padding-top: 15px !important;}&#8221;][\/vc_column_inner][\/vc_row_inner][\/vc_column][vc_column width=&#8221;1\/3&#8243;][vc_wp_custommenu nav_menu=&#8221;25&#8243; el_class=&#8221;modulo-informativo&#8221;][\/vc_column][\/vc_row]<\/p>\n<\/div>","protected":false},"excerpt":{"rendered":"<p>[vc_row top=&#8221;0&#8243; bottom=&#8221;0&#8243;][vc_column width=&#8221;2\/3&#8243;][vc_column_text] The Centre organizes a number of guided tours to various places of great interest due to their artistic and cultural heritage. Teachers specialized in art and history will explain the main aspects of each place together with what makes it so attractive.\u00a0They carefully plan the route so that students can be [&hellip;]<\/p>\n","protected":false},"author":1,"featured_media":0,"parent":5048,"menu_order":0,"comment_status":"closed","ping_status":"closed","template":"","meta":[],"_links":{"self":[{"href":"https:\/\/spanishinvalladolid.com\/en\/wp-json\/wp\/v2\/pages\/5283"}],"collection":[{"href":"https:\/\/spanishinvalladolid.com\/en\/wp-json\/wp\/v2\/pages"}],"about":[{"href":"https:\/\/spanishinvalladolid.com\/en\/wp-json\/wp\/v2\/types\/page"}],"author":[{"embeddable":true,"href":"https:\/\/spanishinvalladolid.com\/en\/wp-json\/wp\/v2\/users\/1"}],"replies":[{"embeddable":true,"href":"https:\/\/spanishinvalladolid.com\/en\/wp-json\/wp\/v2\/comments?post=5283"}],"version-history":[{"count":13,"href":"https:\/\/spanishinvalladolid.com\/en\/wp-json\/wp\/v2\/pages\/5283\/revisions"}],"predecessor-version":[{"id":7943,"href":"https:\/\/spanishinvalladolid.com\/en\/wp-json\/wp\/v2\/pages\/5283\/revisions\/7943"}],"up":[{"embeddable":true,"href":"https:\/\/spanishinvalladolid.com\/en\/wp-json\/wp\/v2\/pages\/5048"}],"wp:attachment":[{"href":"https:\/\/spanishinvalladolid.com\/en\/wp-json\/wp\/v2\/media?parent=5283"}],"curies":[{"name":"wp","href":"https:\/\/api.w.org\/{rel}","templated":true}]}}